{"id":14,"date":"2014-03-01T12:22:27","date_gmt":"2014-03-01T10:22:27","guid":{"rendered":"http:\/\/www.it-fanatic.de\/?page_id=14"},"modified":"2020-09-22T15:22:07","modified_gmt":"2020-09-22T13:22:07","slug":"ms-exchange-2","status":"publish","type":"page","link":"https:\/\/www.it-fanatic.de\/?page_id=14","title":{"rendered":"\u00dcber IT-Fanatic"},"content":{"rendered":"<p>Die Seite IT-FANATIC.DE ist noch aus Zeiten meiner Ausbildung und begleitet mich seit dem schon viele Jahre. Eigentlich wollte ich diese immer dazu verwenden Probleme zu dokumentieren um die L\u00f6sung beim n\u00e4chsten mal schneller parat zu haben. Aus Zeitmangel oder vielleicht auch Desinteresse ist es dazu leider nie gekommen.\u00a0<\/p>\n<p>Jetzt nach einigen Jahren Berufserfahrung und neuem Bet\u00e4tigungsfeld m\u00f6chte ich einen neuen Versuch starten und einige Beitr\u00e4ge aus meinem Berufsleben hier ver\u00f6ffentlichen.<\/p>\n<p>Ich hoffe das ganze kann anderen helfen Probleme schneller zu l\u00f6sen und damit auch den Arbeitstag angenehmer zu machen. Gerne darf man mich auch zu hier beschriebenen Vorgehensweisen kontaktieren.<\/p>\n<p>Meine Schwerpunkte liegen klar im Bereich Microsoft Infrastructure sowie Microsoft Messaging.<\/p>\n\n\n<p><\/p>\n","protected":false},"excerpt":{"rendered":"<p>Die Seite IT-FANATIC.DE ist noch aus Zeiten meiner Ausbildung und begleitet mich seit dem schon viele Jahre. Eigentlich wollte ich diese immer dazu verwenden Probleme zu dokumentieren um die L\u00f6sung beim n\u00e4chsten mal schneller parat zu haben. Aus Zeitmangel oder vielleicht auch Desinteresse ist es dazu leider nie gekommen.\u00a0 Jetzt nach einigen Jahren Berufserfahrung und neuem Bet\u00e4tigungsfeld m\u00f6chte ich einen neuen Versuch starten und einige Beitr\u00e4ge aus meinem Berufsleben hier ver\u00f6ffentlichen. Ich hoffe das ganze kann anderen helfen Probleme schneller zu l\u00f6sen und damit auch den Arbeitstag angenehmer zu machen. Gerne darf man mich auch zu hier beschriebenen Vorgehensweisen kontaktieren. Meine Schwerpunkte liegen klar im Bereich Microsoft Infrastructure sowie Microsoft Messaging.<\/p>\n","protected":false},"author":1,"featured_media":0,"parent":0,"menu_order":1,"comment_status":"closed","ping_status":"open","template":"","meta":{"footnotes":""},"class_list":["post-14","page","type-page","status-publish","hentry"],"_links":{"self":[{"href":"https:\/\/www.it-fanatic.de\/index.php?rest_route=\/wp\/v2\/pages\/14","targetHints":{"allow":["GET"]}}],"collection":[{"href":"https:\/\/www.it-fanatic.de\/index.php?rest_route=\/wp\/v2\/pages"}],"about":[{"href":"https:\/\/www.it-fanatic.de\/index.php?rest_route=\/wp\/v2\/types\/page"}],"author":[{"embeddable":true,"href":"https:\/\/www.it-fanatic.de\/index.php?rest_route=\/wp\/v2\/users\/1"}],"replies":[{"embeddable":true,"href":"https:\/\/www.it-fanatic.de\/index.php?rest_route=%2Fwp%2Fv2%2Fcomments&post=14"}],"version-history":[{"count":11,"href":"https:\/\/www.it-fanatic.de\/index.php?rest_route=\/wp\/v2\/pages\/14\/revisions"}],"predecessor-version":[{"id":178,"href":"https:\/\/www.it-fanatic.de\/index.php?rest_route=\/wp\/v2\/pages\/14\/revisions\/178"}],"wp:attachment":[{"href":"https:\/\/www.it-fanatic.de\/index.php?rest_route=%2Fwp%2Fv2%2Fmedia&parent=14"}],"curies":[{"name":"wp","href":"https:\/\/api.w.org\/{rel}","templated":true}]}}